{"id":1444,"date":"2023-02-09T13:39:51","date_gmt":"2023-02-09T12:39:51","guid":{"rendered":"https:\/\/www.vrabcekupanja.si\/completed-projects\/3-charity-gathering-with-cherries-and-a-football-goriska-brda-2014\/"},"modified":"2023-03-14T12:49:58","modified_gmt":"2023-03-14T11:49:58","slug":"3-charity-gathering-with-cherries-and-a-football-goriska-brda-2014","status":"publish","type":"page","link":"https:\/\/www.vrabcekupanja.si\/en\/completed-projects\/3-charity-gathering-with-cherries-and-a-football-goriska-brda-2014\/","title":{"rendered":"3. charity gathering with cherries and a football &#8211; Gori\u0161ka Brda 2014"},"content":{"rendered":"<div class=\"fusion-fullwidth fullwidth-box fusion-builder-row-1 fusion-flex-container has-pattern-background has-mask-background nonhundred-percent-fullwidth non-hundred-percent-height-scrolling\" style=\"--awb-border-radius-top-left:0px;--awb-border-radius-top-right:0px;--awb-border-radius-bottom-right:0px;--awb-border-radius-bottom-left:0px;--awb-margin-top:60px;--awb-flex-wrap:wrap;\" ><div class=\"fusion-builder-row fusion-row fusion-flex-align-items-stretch fusion-flex-content-wrap\" style=\"max-width:1248px;margin-left: calc(-4% \/ 2 );margin-right: calc(-4% \/ 2 );\"><div class=\"fusion-layout-column fusion_builder_column fusion-builder-column-0 fusion_builder_column_1_2 1_2 fusion-flex-column\" style=\"--awb-bg-size:cover;--awb-width-large:50%;--awb-margin-top-large:0px;--awb-spacing-right-large:0%;--awb-margin-bottom-large:0px;--awb-spacing-left-large:0%;--awb-width-medium:50%;--awb-order-medium:0;--awb-spacing-right-medium:0%;--awb-spacing-left-medium:0%;--awb-width-small:100%;--awb-order-small:0;--awb-spacing-right-small:1.92%;--awb-spacing-left-small:1.92%;\"><div class=\"fusion-column-wrapper fusion-column-has-shadow fusion-flex-justify-content-flex-start fusion-content-layout-column\"><div class=\"fusion-image-element \" style=\"--awb-caption-title-font-family:var(--h2_typography-font-family);--awb-caption-title-font-weight:var(--h2_typography-font-weight);--awb-caption-title-font-style:var(--h2_typography-font-style);--awb-caption-title-size:var(--h2_typography-font-size);--awb-caption-title-transform:var(--h2_typography-text-transform);--awb-caption-title-line-height:var(--h2_typography-line-height);--awb-caption-title-letter-spacing:var(--h2_typography-letter-spacing);\"><span class=\" fusion-imageframe imageframe-none imageframe-1 hover-type-none\"><img decoding=\"async\" width=\"320\" height=\"480\" title=\"druzenje-ob-cesnjah\" src=\"https:\/\/www.vrabcekupanja.si\/wp-content\/uploads\/2023\/02\/druzenje-ob-cesnjah.jpg\" alt class=\"img-responsive wp-image-1253\" srcset=\"https:\/\/www.vrabcekupanja.si\/wp-content\/uploads\/2023\/02\/druzenje-ob-cesnjah-200x300.jpg 200w, https:\/\/www.vrabcekupanja.si\/wp-content\/uploads\/2023\/02\/druzenje-ob-cesnjah.jpg 320w\" sizes=\"(max-width: 640px) 100vw, 320px\" \/><\/span><\/div><\/div><\/div><div class=\"fusion-layout-column fusion_builder_column fusion-builder-column-1 fusion_builder_column_1_2 1_2 fusion-flex-column\" style=\"--awb-padding-left:25px;--awb-bg-size:cover;--awb-width-large:50%;--awb-margin-top-large:0px;--awb-spacing-right-large:3.84%;--awb-margin-bottom-large:0px;--awb-spacing-left-large:3.84%;--awb-width-medium:50%;--awb-order-medium:0;--awb-spacing-right-medium:3.84%;--awb-spacing-left-medium:3.84%;--awb-width-small:100%;--awb-order-small:0;--awb-spacing-right-small:1.92%;--awb-spacing-left-small:1.92%;\"><div class=\"fusion-column-wrapper fusion-column-has-shadow fusion-flex-justify-content-flex-start fusion-content-layout-column\"><div class=\"fusion-text fusion-text-1\"><h2>3. a charity gathering with cherries and a football<\/h2>\n<p>Sunday, 1st of June, we invite you to Gori\u0161ka Brda, where we will have fun with good company, cherries and playing football.<\/p>\n<p>We predict football, cherries, socialising, fun, interesting guests. This year, they will also compete in a football duel and 11-metre shooting.<br \/>So meet us at the football field in Vipol\u017ee at 17:00, where you can expect to see many famous faces and this year&#8217;s successful Olympians.<\/p>\n<p>With us will be:<\/p>\n<ul>\n<li>the pioneers of football in Brda (40 years ago),<\/li>\n<li>the winemakers of Brda,<\/li>\n<li>doctors and nurses at Stara Gora Hospital,<\/li>\n<li>journalists,<\/li>\n<li>sportsmen and sportswomen from Britian: high jumper <strong>Lidija Kristan\u010di\u010d<\/strong> and former football player <strong>Miran Srebrni\u010d<\/strong><\/li>\n<li><strong>Edy Reja<\/strong>, football coach in Italy,<\/li>\n<li>olympic gold medal winners in Sochi: ski jumper <strong>Peter Prevc<\/strong> and surfer <strong>\u017dan Ko\u0161ir<\/strong>,<\/li>\n<li>pater <strong>Bogdan Knavs<\/strong> &#8211; Personality of Primorska 2013,<\/li>\n<li><strong>Lucija Mlinari\u010d<\/strong>, one of the world&#8217;s best roller skaters,<\/li>\n<li><strong>Toma\u017e Kav\u010di\u010d<\/strong>, selector of the young Slovenian national football team,<\/li>\n<li>former football players <strong>Adrian Fegic<\/strong> and <strong>Matej Mavri\u010d Ro\u017ei<\/strong>\u010d,<\/li>\n<li>ski jumper <strong>Jaka Hvala<\/strong><\/li>\n<\/ul>\n<p><strong>Tina Maze<\/strong> and <strong>Andrea Massi<\/strong> were always among the guests at the first two events and we know what a great season they had &#8230;.. and because they say it&#8217;s the third time&#8217;s the charm &#8230;..<\/p>\n<p>Some highlights from last year&#8217;s gathering (photo: Jure Batagelj)<\/p>\n<\/div><\/div><\/div><div class=\"fusion-layout-column fusion_builder_column fusion-builder-column-2 fusion_builder_column_1_1 1_1 fusion-flex-column\" style=\"--awb-bg-size:cover;--awb-width-large:100%;--awb-margin-top-large:100px;--awb-spacing-right-large:1.92%;--awb-margin-bottom-large:0px;--awb-spacing-left-large:1.92%;--awb-width-medium:100%;--awb-order-medium:0;--awb-spacing-right-medium:1.92%;--awb-spacing-left-medium:1.92%;--awb-width-small:100%;--awb-order-small:0;--awb-spacing-right-small:1.92%;--awb-spacing-left-small:1.92%;\"><div class=\"fusion-column-wrapper fusion-column-has-shadow fusion-flex-justify-content-flex-start fusion-content-layout-column\"><div class=\"fusion-image-element \" style=\"text-align:center;--awb-max-width:40%;--awb-caption-title-font-family:var(--h2_typography-font-family);--awb-caption-title-font-weight:var(--h2_typography-font-weight);--awb-caption-title-font-style:var(--h2_typography-font-style);--awb-caption-title-size:var(--h2_typography-font-size);--awb-caption-title-transform:var(--h2_typography-text-transform);--awb-caption-title-line-height:var(--h2_typography-line-height);--awb-caption-title-letter-spacing:var(--h2_typography-letter-spacing);\"><span class=\" fusion-imageframe imageframe-none imageframe-2 hover-type-none\"><img decoding=\"async\" width=\"5203\" height=\"1672\" title=\"vrabcki-se-druzijo\" src=\"https:\/\/www.vrabcekupanja.si\/wp-content\/uploads\/2023\/02\/vrabcki-se-druzijo-1.png\" alt class=\"img-responsive wp-image-1117\" srcset=\"https:\/\/www.vrabcekupanja.si\/wp-content\/uploads\/2023\/02\/vrabcki-se-druzijo-1-200x64.png 200w, https:\/\/www.vrabcekupanja.si\/wp-content\/uploads\/2023\/02\/vrabcki-se-druzijo-1-400x129.png 400w, https:\/\/www.vrabcekupanja.si\/wp-content\/uploads\/2023\/02\/vrabcki-se-druzijo-1-600x193.png 600w, https:\/\/www.vrabcekupanja.si\/wp-content\/uploads\/2023\/02\/vrabcki-se-druzijo-1-800x257.png 800w, https:\/\/www.vrabcekupanja.si\/wp-content\/uploads\/2023\/02\/vrabcki-se-druzijo-1-1200x386.png 1200w, https:\/\/www.vrabcekupanja.si\/wp-content\/uploads\/2023\/02\/vrabcki-se-druzijo-1.png 5203w\" sizes=\"(max-width: 640px) 100vw, 1200px\" \/><\/span><\/div><\/div><\/div><\/div><\/div>\n","protected":false},"excerpt":{"rendered":"","protected":false},"author":1,"featured_media":0,"parent":1392,"menu_order":0,"comment_status":"closed","ping_status":"closed","template":"100-width.php","meta":{"footnotes":""},"_links":{"self":[{"href":"https:\/\/www.vrabcekupanja.si\/en\/wp-json\/wp\/v2\/pages\/1444"}],"collection":[{"href":"https:\/\/www.vrabcekupanja.si\/en\/wp-json\/wp\/v2\/pages"}],"about":[{"href":"https:\/\/www.vrabcekupanja.si\/en\/wp-json\/wp\/v2\/types\/page"}],"author":[{"embeddable":true,"href":"https:\/\/www.vrabcekupanja.si\/en\/wp-json\/wp\/v2\/users\/1"}],"replies":[{"embeddable":true,"href":"https:\/\/www.vrabcekupanja.si\/en\/wp-json\/wp\/v2\/comments?post=1444"}],"version-history":[{"count":3,"href":"https:\/\/www.vrabcekupanja.si\/en\/wp-json\/wp\/v2\/pages\/1444\/revisions"}],"predecessor-version":[{"id":1447,"href":"https:\/\/www.vrabcekupanja.si\/en\/wp-json\/wp\/v2\/pages\/1444\/revisions\/1447"}],"up":[{"embeddable":true,"href":"https:\/\/www.vrabcekupanja.si\/en\/wp-json\/wp\/v2\/pages\/1392"}],"wp:attachment":[{"href":"https:\/\/www.vrabcekupanja.si\/en\/wp-json\/wp\/v2\/media?parent=1444"}],"curies":[{"name":"wp","href":"https:\/\/api.w.org\/{rel}","templated":true}]}}