{"id":1458,"date":"2023-02-09T13:08:14","date_gmt":"2023-02-09T12:08:14","guid":{"rendered":"https:\/\/www.vrabcekupanja.si\/completed-projects\/4-charity-cherry-gathering\/"},"modified":"2023-03-14T13:07:31","modified_gmt":"2023-03-14T12:07:31","slug":"4-charity-cherry-gathering","status":"publish","type":"page","link":"https:\/\/www.vrabcekupanja.si\/en\/completed-projects\/4-charity-cherry-gathering\/","title":{"rendered":"4. charity cherry gathering"},"content":{"rendered":"<div class=\"fusion-fullwidth fullwidth-box fusion-builder-row-1 fusion-flex-container has-pattern-background has-mask-background nonhundred-percent-fullwidth non-hundred-percent-height-scrolling\" style=\"--awb-border-radius-top-left:0px;--awb-border-radius-top-right:0px;--awb-border-radius-bottom-right:0px;--awb-border-radius-bottom-left:0px;--awb-margin-top:60px;--awb-flex-wrap:wrap;\" ><div class=\"fusion-builder-row fusion-row fusion-flex-align-items-stretch fusion-flex-content-wrap\" style=\"max-width:1248px;margin-left: calc(-4% \/ 2 );margin-right: calc(-4% \/ 2 );\"><div class=\"fusion-layout-column fusion_builder_column fusion-builder-column-0 fusion_builder_column_1_2 1_2 fusion-flex-column\" style=\"--awb-bg-size:cover;--awb-width-large:50%;--awb-margin-top-large:0px;--awb-spacing-right-large:0%;--awb-margin-bottom-large:0px;--awb-spacing-left-large:0%;--awb-width-medium:50%;--awb-order-medium:0;--awb-spacing-right-medium:0%;--awb-spacing-left-medium:0%;--awb-width-small:100%;--awb-order-small:0;--awb-spacing-right-small:1.92%;--awb-spacing-left-small:1.92%;\"><div class=\"fusion-column-wrapper fusion-column-has-shadow fusion-flex-justify-content-flex-start fusion-content-layout-column\"><div class=\"fusion-image-element \" style=\"--awb-caption-title-font-family:var(--h2_typography-font-family);--awb-caption-title-font-weight:var(--h2_typography-font-weight);--awb-caption-title-font-style:var(--h2_typography-font-style);--awb-caption-title-size:var(--h2_typography-font-size);--awb-caption-title-transform:var(--h2_typography-text-transform);--awb-caption-title-line-height:var(--h2_typography-line-height);--awb-caption-title-letter-spacing:var(--h2_typography-letter-spacing);\"><span class=\" fusion-imageframe imageframe-none imageframe-1 hover-type-none\"><img decoding=\"async\" width=\"2560\" height=\"1707\" title=\"4-dobrodelno-druzenje-ob-cesnjah\" src=\"https:\/\/www.vrabcekupanja.si\/wp-content\/uploads\/2023\/02\/4-dobrodelno-druzenje-ob-cesnjah-scaled.jpg\" alt class=\"img-responsive wp-image-1229\" srcset=\"https:\/\/www.vrabcekupanja.si\/wp-content\/uploads\/2023\/02\/4-dobrodelno-druzenje-ob-cesnjah-200x133.jpg 200w, https:\/\/www.vrabcekupanja.si\/wp-content\/uploads\/2023\/02\/4-dobrodelno-druzenje-ob-cesnjah-400x267.jpg 400w, https:\/\/www.vrabcekupanja.si\/wp-content\/uploads\/2023\/02\/4-dobrodelno-druzenje-ob-cesnjah-600x400.jpg 600w, https:\/\/www.vrabcekupanja.si\/wp-content\/uploads\/2023\/02\/4-dobrodelno-druzenje-ob-cesnjah-800x533.jpg 800w, https:\/\/www.vrabcekupanja.si\/wp-content\/uploads\/2023\/02\/4-dobrodelno-druzenje-ob-cesnjah-1200x800.jpg 1200w, https:\/\/www.vrabcekupanja.si\/wp-content\/uploads\/2023\/02\/4-dobrodelno-druzenje-ob-cesnjah-scaled.jpg 2560w\" sizes=\"(max-width: 640px) 100vw, 800px\" \/><\/span><\/div><\/div><\/div><div class=\"fusion-layout-column fusion_builder_column fusion-builder-column-1 fusion_builder_column_1_2 1_2 fusion-flex-column\" style=\"--awb-padding-left:25px;--awb-bg-size:cover;--awb-width-large:50%;--awb-margin-top-large:0px;--awb-spacing-right-large:3.84%;--awb-margin-bottom-large:0px;--awb-spacing-left-large:3.84%;--awb-width-medium:50%;--awb-order-medium:0;--awb-spacing-right-medium:3.84%;--awb-spacing-left-medium:3.84%;--awb-width-small:100%;--awb-order-small:0;--awb-spacing-right-small:1.92%;--awb-spacing-left-small:1.92%;\"><div class=\"fusion-column-wrapper fusion-column-has-shadow fusion-flex-justify-content-flex-start fusion-content-layout-column\"><div class=\"fusion-text fusion-text-1\"><h2>4. charity cherry gathering<\/h2>\n<p>Unlike in previous years, when the event in Vipol\u017ee in Gori\u0161ka Brda was &#8220;visited&#8221; by at least a raindrop, this time the sun had complete dominance. This resulted in even more good humour and positive energy among the many participants and visitors. Not to mention the relaxed socialising and charity.<\/p>\n<p>As in previous events, the performers were connected by a football, but this time also by bows. First, the young footballers from Gori\u0161ka Brda and Ren\u010de presented themselves. In the mostly magazine matches (the opening kick was given to the acting director of the General Hospital Dr. Franca Derganca Nova Gorica, Nata\u0161a Fikfak), the following athletes provided some goals and some laughs: Slovenian sportsmen and women, led by Olympic medal winners Peter Prevc and Vesna Fabjan, as well as the women winemakers from Brda and the staff of the Disabled Youth Department of the hospital in Stara Gora, journalists and pupils from the Dobrovo Primary School. They are very active and successful in sport. The boys were crowned Slovenian school football champions, while the girls came third. Other promising tennis players include Maja Makori\u010d and Elena Plesni\u010dar, and the national champion in bowling Matja\u017e Zalatel. They were accompanied and encouraged by the head teacher Vesna Filej. Other guests included: two-time Olympic high jumper Lidija Kristan\u010di\u010d, and one of the best artistic skaters in the world Lucija Mlinari\u010d, who first successfully coped with a serious illness, returned to the skating platform with EP and World Championships medals, and recently announced the end of her outstanding career. The following people actively participated for a good cause: former 800 metres record holder Rafko Marini\u010d, a great sports enthusiast Father Bogdan Knavs, alpine skier Ana Bucik, Slovenian tennis hope and supporter of the Sparrow of Hope Manca Pislak. For the first time, our excellent volleyball players &#8211; silver medallists at the European Junior Championships last year &#8211; were the guests. The Gorica Archery Club provided a novelty for the event, as some participants could also try their bows. They were also instructed by Dejan Sitar, 2001 World Champion, and Rok Bizjak, who is soon to compete at the 1. European Games in Baku. At the end, some people tried to hit large champagne bottles with the ball (all in a wine-growing environment). Maximiliano Kleb\u010dar, born in Argentina, was very successful, as was his choice Ana Clara Hostnik. On Saturday, they will be the main actors at the traditional Bri\u0161ka wedding. Alongside the Queen of Cherries Martina Sirk, who will soon hand over the crown, and the Queen of Ribolla Teja Erzeti\u010d, many eyes were also drawn to the current Queen of Roses Matejka Kati\u010d from Litija, who is also a great football player, and to the fashion designer and Miss Universe in 2013 Sara Savnik. At the event, Ivica Vuli\u010d (formerly a great football player &#8211; he has also made one national team appearance), the director of the Novogorica regional unit of the insurance company Triglav, handed over the defibrillator to Marjan Sim\u010di\u010d, the president of NK Brda and a renowned winemaker. Participants, performers and spectators raised almost \u20ac 800 through voluntary contributions at the venue. To this will have to be added donor and sponsorship funding. The final amount, which will be used to purchase all the necessary equipment for the Stara Gora Youth Department, will be announced in a month&#8217;s time and will be made public. At the end of the event, at Dobrovo Castle, the Mayor of the municipality, Franc Mu\u017ei\u010d, and the President of the Sparrow of Hope Foundation, Darja Pov\u0161i\u010d Per\u0161olja, presented certificates of appreciation as well as some Brije goodies to individuals and groups for their cooperation and support of the project. Peter Prevc, who attended the event for the third time, and Lucija Mlinari\u010d were appointed as ambassadors of the Vrab\u010dek upanja Foundation.<\/p>\n<\/div><\/div><\/div><div class=\"fusion-layout-column fusion_builder_column fusion-builder-column-2 fusion_builder_column_1_1 1_1 fusion-flex-column\" style=\"--awb-bg-size:cover;--awb-width-large:100%;--awb-margin-top-large:100px;--awb-spacing-right-large:1.92%;--awb-margin-bottom-large:0px;--awb-spacing-left-large:1.92%;--awb-width-medium:100%;--awb-order-medium:0;--awb-spacing-right-medium:1.92%;--awb-spacing-left-medium:1.92%;--awb-width-small:100%;--awb-order-small:0;--awb-spacing-right-small:1.92%;--awb-spacing-left-small:1.92%;\"><div class=\"fusion-column-wrapper fusion-column-has-shadow fusion-flex-justify-content-flex-start fusion-content-layout-column\"><div class=\"fusion-image-element \" style=\"text-align:center;--awb-max-width:40%;--awb-caption-title-font-family:var(--h2_typography-font-family);--awb-caption-title-font-weight:var(--h2_typography-font-weight);--awb-caption-title-font-style:var(--h2_typography-font-style);--awb-caption-title-size:var(--h2_typography-font-size);--awb-caption-title-transform:var(--h2_typography-text-transform);--awb-caption-title-line-height:var(--h2_typography-line-height);--awb-caption-title-letter-spacing:var(--h2_typography-letter-spacing);\"><span class=\" fusion-imageframe imageframe-none imageframe-2 hover-type-none\"><img decoding=\"async\" width=\"5203\" height=\"1672\" title=\"vrabcki-se-druzijo\" src=\"https:\/\/www.vrabcekupanja.si\/wp-content\/uploads\/2023\/02\/vrabcki-se-druzijo-1.png\" alt class=\"img-responsive wp-image-1117\" srcset=\"https:\/\/www.vrabcekupanja.si\/wp-content\/uploads\/2023\/02\/vrabcki-se-druzijo-1-200x64.png 200w, https:\/\/www.vrabcekupanja.si\/wp-content\/uploads\/2023\/02\/vrabcki-se-druzijo-1-400x129.png 400w, https:\/\/www.vrabcekupanja.si\/wp-content\/uploads\/2023\/02\/vrabcki-se-druzijo-1-600x193.png 600w, https:\/\/www.vrabcekupanja.si\/wp-content\/uploads\/2023\/02\/vrabcki-se-druzijo-1-800x257.png 800w, https:\/\/www.vrabcekupanja.si\/wp-content\/uploads\/2023\/02\/vrabcki-se-druzijo-1-1200x386.png 1200w, https:\/\/www.vrabcekupanja.si\/wp-content\/uploads\/2023\/02\/vrabcki-se-druzijo-1.png 5203w\" sizes=\"(max-width: 640px) 100vw, 1200px\" \/><\/span><\/div><\/div><\/div><\/div><\/div>\n","protected":false},"excerpt":{"rendered":"","protected":false},"author":1,"featured_media":0,"parent":1392,"menu_order":0,"comment_status":"closed","ping_status":"closed","template":"100-width.php","meta":{"footnotes":""},"_links":{"self":[{"href":"https:\/\/www.vrabcekupanja.si\/en\/wp-json\/wp\/v2\/pages\/1458"}],"collection":[{"href":"https:\/\/www.vrabcekupanja.si\/en\/wp-json\/wp\/v2\/pages"}],"about":[{"href":"https:\/\/www.vrabcekupanja.si\/en\/wp-json\/wp\/v2\/types\/page"}],"author":[{"embeddable":true,"href":"https:\/\/www.vrabcekupanja.si\/en\/wp-json\/wp\/v2\/users\/1"}],"replies":[{"embeddable":true,"href":"https:\/\/www.vrabcekupanja.si\/en\/wp-json\/wp\/v2\/comments?post=1458"}],"version-history":[{"count":5,"href":"https:\/\/www.vrabcekupanja.si\/en\/wp-json\/wp\/v2\/pages\/1458\/revisions"}],"predecessor-version":[{"id":1464,"href":"https:\/\/www.vrabcekupanja.si\/en\/wp-json\/wp\/v2\/pages\/1458\/revisions\/1464"}],"up":[{"embeddable":true,"href":"https:\/\/www.vrabcekupanja.si\/en\/wp-json\/wp\/v2\/pages\/1392"}],"wp:attachment":[{"href":"https:\/\/www.vrabcekupanja.si\/en\/wp-json\/wp\/v2\/media?parent=1458"}],"curies":[{"name":"wp","href":"https:\/\/api.w.org\/{rel}","templated":true}]}}