{"id":1501,"date":"2023-02-09T12:51:09","date_gmt":"2023-02-09T11:51:09","guid":{"rendered":"https:\/\/www.vrabcekupanja.si\/completed-projects\/5-a-charity-cherry-gathering-with-our-ambassadors\/"},"modified":"2023-03-14T13:23:48","modified_gmt":"2023-03-14T12:23:48","slug":"5-a-charity-cherry-gathering-with-our-ambassadors","status":"publish","type":"page","link":"https:\/\/www.vrabcekupanja.si\/en\/completed-projects\/5-a-charity-cherry-gathering-with-our-ambassadors\/","title":{"rendered":"5. a charity cherry gathering with our ambassadors"},"content":{"rendered":"<div class=\"fusion-fullwidth fullwidth-box fusion-builder-row-1 fusion-flex-container has-pattern-background has-mask-background nonhundred-percent-fullwidth non-hundred-percent-height-scrolling\" style=\"--awb-border-radius-top-left:0px;--awb-border-radius-top-right:0px;--awb-border-radius-bottom-right:0px;--awb-border-radius-bottom-left:0px;--awb-margin-top:60px;--awb-flex-wrap:wrap;\" ><div class=\"fusion-builder-row fusion-row fusion-flex-align-items-stretch fusion-flex-content-wrap\" style=\"max-width:1248px;margin-left: calc(-4% \/ 2 );margin-right: calc(-4% \/ 2 );\"><div class=\"fusion-layout-column fusion_builder_column fusion-builder-column-0 fusion_builder_column_1_2 1_2 fusion-flex-column\" style=\"--awb-bg-size:cover;--awb-width-large:50%;--awb-margin-top-large:0px;--awb-spacing-right-large:0%;--awb-margin-bottom-large:0px;--awb-spacing-left-large:0%;--awb-width-medium:50%;--awb-order-medium:0;--awb-spacing-right-medium:0%;--awb-spacing-left-medium:0%;--awb-width-small:100%;--awb-order-small:0;--awb-spacing-right-small:1.92%;--awb-spacing-left-small:1.92%;\"><div class=\"fusion-column-wrapper fusion-column-has-shadow fusion-flex-justify-content-flex-start fusion-content-layout-column\"><div class=\"fusion-image-element \" style=\"--awb-caption-title-font-family:var(--h2_typography-font-family);--awb-caption-title-font-weight:var(--h2_typography-font-weight);--awb-caption-title-font-style:var(--h2_typography-font-style);--awb-caption-title-size:var(--h2_typography-font-size);--awb-caption-title-transform:var(--h2_typography-text-transform);--awb-caption-title-line-height:var(--h2_typography-line-height);--awb-caption-title-letter-spacing:var(--h2_typography-letter-spacing);\"><span class=\" fusion-imageframe imageframe-none imageframe-1 hover-type-none\"><img decoding=\"async\" width=\"1200\" height=\"800\" title=\"5-dobrodelno-druzenje\" src=\"https:\/\/www.vrabcekupanja.si\/wp-content\/uploads\/2023\/02\/5-dobrodelno-druzenje.jpg\" alt class=\"img-responsive wp-image-1215\" srcset=\"https:\/\/www.vrabcekupanja.si\/wp-content\/uploads\/2023\/02\/5-dobrodelno-druzenje-200x133.jpg 200w, https:\/\/www.vrabcekupanja.si\/wp-content\/uploads\/2023\/02\/5-dobrodelno-druzenje-400x267.jpg 400w, https:\/\/www.vrabcekupanja.si\/wp-content\/uploads\/2023\/02\/5-dobrodelno-druzenje-600x400.jpg 600w, https:\/\/www.vrabcekupanja.si\/wp-content\/uploads\/2023\/02\/5-dobrodelno-druzenje-800x533.jpg 800w, https:\/\/www.vrabcekupanja.si\/wp-content\/uploads\/2023\/02\/5-dobrodelno-druzenje.jpg 1200w\" sizes=\"(max-width: 640px) 100vw, 800px\" \/><\/span><\/div><\/div><\/div><div class=\"fusion-layout-column fusion_builder_column fusion-builder-column-1 fusion_builder_column_1_2 1_2 fusion-flex-column\" style=\"--awb-padding-left:25px;--awb-bg-size:cover;--awb-width-large:50%;--awb-margin-top-large:0px;--awb-spacing-right-large:3.84%;--awb-margin-bottom-large:0px;--awb-spacing-left-large:3.84%;--awb-width-medium:50%;--awb-order-medium:0;--awb-spacing-right-medium:3.84%;--awb-spacing-left-medium:3.84%;--awb-width-small:100%;--awb-order-small:0;--awb-spacing-right-small:1.92%;--awb-spacing-left-small:1.92%;\"><div class=\"fusion-column-wrapper fusion-column-has-shadow fusion-flex-justify-content-flex-start fusion-content-layout-column\"><div class=\"fusion-text fusion-text-1\"><h2>5. a charity cherry gathering with our ambassadors<\/h2>\n<p>We look forward to seeing people of goodwill again &#8230;<\/p>\n<p>Vrab\u010dek upanja Foundation, Brda Municipality, Brda Football Club,<br \/>The Brda Institute for Tourism, Culture, Youth and Sport is organising the Brda Festival on Sunday, 5. of june 2016<\/p>\n<p>5 . CHARITY SOCIAL AT THE CHESNAYS with the Ambassadors of the Sparrow of Hope Foundation PETR PREVC and LUCIJA MLINARI\u010c, the HEROES OF ONE JELLY STORY, the BALINARS and many other guests &#8230;<\/p>\n<p>The event will be actively attended by the Guest of Honour &#8211; President of the Republic of Slovenia BORUT PAHOR.<\/p>\n<p>The action on the football pitch in Vipol\u017ee will start at 16:30.<br \/>Participants will then try and compete in bowls, Brda&#8217;s games and football.<\/p>\n<p>The event will also be attended by: the Vice President of the National Assembly MATJA\u017d NEMEC, the Mayor of Brda FRANC MU\u017dI\u010c, pupils of the Dobrovo Primary School, employees of the Department for Disabled Youth in Stara Gora, the best Brda bowlers and other sportsmen and sportswomen from Brda, members of the Wine and Women of Slovenia &#8211; Brike in the City, Brda winemakers, young football players, and the best Slovenian table tennis player BOJAN TOKI\u0106, eP volleyball silver medallists DEJAN VIN\u010cI\u0106 and JANI KOVA\u010cI\u010c, ski jumper JAKA HVALA, football coach EDY REJA,<\/p>\n<p>The accompanying programme will include: the Queens of Cherries and Rebula, the Brda Wind Orchestra, the Brda Twirling Majoretto Society, the Brda Association of Farmers&#8217; Wives and Girls.<\/p>\n<\/div><\/div><\/div><div class=\"fusion-layout-column fusion_builder_column fusion-builder-column-2 fusion_builder_column_1_1 1_1 fusion-flex-column\" style=\"--awb-bg-size:cover;--awb-width-large:100%;--awb-margin-top-large:100px;--awb-spacing-right-large:1.92%;--awb-margin-bottom-large:0px;--awb-spacing-left-large:1.92%;--awb-width-medium:100%;--awb-order-medium:0;--awb-spacing-right-medium:1.92%;--awb-spacing-left-medium:1.92%;--awb-width-small:100%;--awb-order-small:0;--awb-spacing-right-small:1.92%;--awb-spacing-left-small:1.92%;\"><div class=\"fusion-column-wrapper fusion-column-has-shadow fusion-flex-justify-content-flex-start fusion-content-layout-column\"><div class=\"fusion-image-element \" style=\"text-align:center;--awb-max-width:40%;--awb-caption-title-font-family:var(--h2_typography-font-family);--awb-caption-title-font-weight:var(--h2_typography-font-weight);--awb-caption-title-font-style:var(--h2_typography-font-style);--awb-caption-title-size:var(--h2_typography-font-size);--awb-caption-title-transform:var(--h2_typography-text-transform);--awb-caption-title-line-height:var(--h2_typography-line-height);--awb-caption-title-letter-spacing:var(--h2_typography-letter-spacing);\"><span class=\" fusion-imageframe imageframe-none imageframe-2 hover-type-none\"><img decoding=\"async\" width=\"5203\" height=\"1672\" title=\"vrabcki-se-druzijo\" src=\"https:\/\/www.vrabcekupanja.si\/wp-content\/uploads\/2023\/02\/vrabcki-se-druzijo-1.png\" alt class=\"img-responsive wp-image-1117\" srcset=\"https:\/\/www.vrabcekupanja.si\/wp-content\/uploads\/2023\/02\/vrabcki-se-druzijo-1-200x64.png 200w, https:\/\/www.vrabcekupanja.si\/wp-content\/uploads\/2023\/02\/vrabcki-se-druzijo-1-400x129.png 400w, https:\/\/www.vrabcekupanja.si\/wp-content\/uploads\/2023\/02\/vrabcki-se-druzijo-1-600x193.png 600w, https:\/\/www.vrabcekupanja.si\/wp-content\/uploads\/2023\/02\/vrabcki-se-druzijo-1-800x257.png 800w, https:\/\/www.vrabcekupanja.si\/wp-content\/uploads\/2023\/02\/vrabcki-se-druzijo-1-1200x386.png 1200w, https:\/\/www.vrabcekupanja.si\/wp-content\/uploads\/2023\/02\/vrabcki-se-druzijo-1.png 5203w\" sizes=\"(max-width: 640px) 100vw, 1200px\" \/><\/span><\/div><\/div><\/div><\/div><\/div>\n","protected":false},"excerpt":{"rendered":"","protected":false},"author":1,"featured_media":0,"parent":1392,"menu_order":0,"comment_status":"closed","ping_status":"closed","template":"100-width.php","meta":{"footnotes":""},"_links":{"self":[{"href":"https:\/\/www.vrabcekupanja.si\/en\/wp-json\/wp\/v2\/pages\/1501"}],"collection":[{"href":"https:\/\/www.vrabcekupanja.si\/en\/wp-json\/wp\/v2\/pages"}],"about":[{"href":"https:\/\/www.vrabcekupanja.si\/en\/wp-json\/wp\/v2\/types\/page"}],"author":[{"embeddable":true,"href":"https:\/\/www.vrabcekupanja.si\/en\/wp-json\/wp\/v2\/users\/1"}],"replies":[{"embeddable":true,"href":"https:\/\/www.vrabcekupanja.si\/en\/wp-json\/wp\/v2\/comments?post=1501"}],"version-history":[{"count":3,"href":"https:\/\/www.vrabcekupanja.si\/en\/wp-json\/wp\/v2\/pages\/1501\/revisions"}],"predecessor-version":[{"id":1504,"href":"https:\/\/www.vrabcekupanja.si\/en\/wp-json\/wp\/v2\/pages\/1501\/revisions\/1504"}],"up":[{"embeddable":true,"href":"https:\/\/www.vrabcekupanja.si\/en\/wp-json\/wp\/v2\/pages\/1392"}],"wp:attachment":[{"href":"https:\/\/www.vrabcekupanja.si\/en\/wp-json\/wp\/v2\/media?parent=1501"}],"curies":[{"name":"wp","href":"https:\/\/api.w.org\/{rel}","templated":true}]}}