{"id":1513,"date":"2023-02-09T12:19:31","date_gmt":"2023-02-09T11:19:31","guid":{"rendered":"https:\/\/www.vrabcekupanja.si\/completed-projects\/cherries-football-and-positive-energy\/"},"modified":"2023-03-14T13:34:17","modified_gmt":"2023-03-14T12:34:17","slug":"cherries-football-and-positive-energy","status":"publish","type":"page","link":"https:\/\/www.vrabcekupanja.si\/en\/completed-projects\/cherries-football-and-positive-energy\/","title":{"rendered":"Cherries, football and positive energy"},"content":{"rendered":"<div class=\"fusion-fullwidth fullwidth-box fusion-builder-row-1 fusion-flex-container has-pattern-background has-mask-background nonhundred-percent-fullwidth non-hundred-percent-height-scrolling\" style=\"--awb-border-radius-top-left:0px;--awb-border-radius-top-right:0px;--awb-border-radius-bottom-right:0px;--awb-border-radius-bottom-left:0px;--awb-margin-top:60px;--awb-flex-wrap:wrap;\" ><div class=\"fusion-builder-row fusion-row fusion-flex-align-items-stretch fusion-flex-content-wrap\" style=\"max-width:1248px;margin-left: calc(-4% \/ 2 );margin-right: calc(-4% \/ 2 );\"><div class=\"fusion-layout-column fusion_builder_column fusion-builder-column-0 fusion_builder_column_1_2 1_2 fusion-flex-column\" style=\"--awb-bg-size:cover;--awb-width-large:50%;--awb-margin-top-large:0px;--awb-spacing-right-large:0%;--awb-margin-bottom-large:0px;--awb-spacing-left-large:0%;--awb-width-medium:50%;--awb-order-medium:0;--awb-spacing-right-medium:0%;--awb-spacing-left-medium:0%;--awb-width-small:100%;--awb-order-small:0;--awb-spacing-right-small:1.92%;--awb-spacing-left-small:1.92%;\"><div class=\"fusion-column-wrapper fusion-column-has-shadow fusion-flex-justify-content-flex-start fusion-content-layout-column\"><div class=\"fusion-image-element \" style=\"--awb-caption-title-font-family:var(--h2_typography-font-family);--awb-caption-title-font-weight:var(--h2_typography-font-weight);--awb-caption-title-font-style:var(--h2_typography-font-style);--awb-caption-title-size:var(--h2_typography-font-size);--awb-caption-title-transform:var(--h2_typography-text-transform);--awb-caption-title-line-height:var(--h2_typography-line-height);--awb-caption-title-letter-spacing:var(--h2_typography-letter-spacing);\"><span class=\" fusion-imageframe imageframe-none imageframe-1 hover-type-none\"><img decoding=\"async\" width=\"2560\" height=\"1920\" title=\"edf\" src=\"https:\/\/www.vrabcekupanja.si\/wp-content\/uploads\/2023\/02\/cesnje-nogomet-pozitivna-energija-scaled.jpg\" alt class=\"img-responsive wp-image-1199\" srcset=\"https:\/\/www.vrabcekupanja.si\/wp-content\/uploads\/2023\/02\/cesnje-nogomet-pozitivna-energija-200x150.jpg 200w, https:\/\/www.vrabcekupanja.si\/wp-content\/uploads\/2023\/02\/cesnje-nogomet-pozitivna-energija-400x300.jpg 400w, https:\/\/www.vrabcekupanja.si\/wp-content\/uploads\/2023\/02\/cesnje-nogomet-pozitivna-energija-600x450.jpg 600w, https:\/\/www.vrabcekupanja.si\/wp-content\/uploads\/2023\/02\/cesnje-nogomet-pozitivna-energija-800x600.jpg 800w, https:\/\/www.vrabcekupanja.si\/wp-content\/uploads\/2023\/02\/cesnje-nogomet-pozitivna-energija-1200x900.jpg 1200w, https:\/\/www.vrabcekupanja.si\/wp-content\/uploads\/2023\/02\/cesnje-nogomet-pozitivna-energija-scaled.jpg 2560w\" sizes=\"(max-width: 640px) 100vw, 800px\" \/><\/span><\/div><\/div><\/div><div class=\"fusion-layout-column fusion_builder_column fusion-builder-column-1 fusion_builder_column_1_2 1_2 fusion-flex-column\" style=\"--awb-padding-left:25px;--awb-bg-size:cover;--awb-width-large:50%;--awb-margin-top-large:0px;--awb-spacing-right-large:3.84%;--awb-margin-bottom-large:0px;--awb-spacing-left-large:3.84%;--awb-width-medium:50%;--awb-order-medium:0;--awb-spacing-right-medium:3.84%;--awb-spacing-left-medium:3.84%;--awb-width-small:100%;--awb-order-small:0;--awb-spacing-right-small:1.92%;--awb-spacing-left-small:1.92%;\"><div class=\"fusion-column-wrapper fusion-column-has-shadow fusion-flex-justify-content-flex-start fusion-content-layout-column\"><div class=\"fusion-text fusion-text-1\"><h2>Cherries, football and positive energy<\/h2>\n<p>For a good cause: president Borut Pahor, cyclist Jan Polanc and roller skater Lucija Mlinari\u010d, who is battling a serious illness again, as well as many other participants.<\/p>\n<p>Brda Municipality, Brda Institute for Tourism, Culture, Youth and Sport, Sparrow of Hope Foundation, Brda Football Club, Gori\u0161ka Brda Ballet Club and Dobrovo Primary School<\/p>\n<p>have organised the traditional<\/p>\n<p>6. A CHARITY GATHERING WITH CHERRIES AND A FOOTBALL<\/p>\n<p>After the gathering of the participants in front of Villa Vipol\u017ee, where they were welcomed by the Brda Wind Orchestra, members of the Brda Twirling Majorette Society, the Queen of Cherries Ana Bucik and the Queen of Ribs Katja Erzeti\u010d, as well as the young dancers of the ADC Dance Centre, the action moved to the football field.<br \/>\nFirst, the youngest members of the Bric football club presented themselves, and then the teams in which famous active and former athletes, the heroes of One Noble Story, God&#8217;s envoys, winemakers and pupils of the Dobrovo Primary School headed by the headmistress <strong>Vesna Filej<\/strong> joined forces. <u>The school has also decided to make a campaign for pupils to consciously give up a treat (ice cream, sweets) and instead contribute to the Sparrow of Hope Foundation or the department for disabled youth in Stara Gora.<\/u><\/p>\n<p>As last year, the President of the Republic of Slovenia, <strong>Borut Pahor<\/strong>, attended the cordial gathering. But this time he surprised everyone by not being a goalkeeper as usual, but a great striker. To complete the performance, he scored the last goal of the game, after a selfless pass from <strong>Fr Bogdan Knavs.<\/strong> The latter is a regular guest at charity events where the ball is in the court. This time he was joined by a Carinthian priest, <strong>Marjan Ploh,<\/strong> who is currently serving near Klagenfurt. For the first time, the guest of the Vipol\u017ee gathering was the Slovenian hero of the recently completed 100. Giro <strong>Jan Polanc<\/strong>. The winner of the Etna stage also presented President Pahor with the winner&#8217;s blue T-shirt signed by his resounding success. President Borut Pahor, who was among the first to congratulate Jan after his heroic escape and victory, stressed that he would donate the jersey to charity. <strong>Andrej Hauptman<\/strong>, the national cycling team&#8217;s selector, hinted that after this year&#8217;s World Championships he will no longer be the only Slovenian with a medal from the biggest competition. Hauptman won bronze in the road race at the 2001 World Championships in Lisbon.<br \/>\nThe increasingly successful alpine skier also got on well with the football <strong>\u0160tefan Hadalin<\/strong>, long-time national volleyball player <strong>Jasmin \u010cuturi\u010d<\/strong>, former national football player <strong>Matej Mavri\u010d<\/strong> <strong>Ro\u017ei<\/strong>\u010d, former chess player <strong>Aljo\u0161a Grosar<\/strong>, the Vice President of the National Assembly <strong>Matja\u017e Nemec<\/strong> and, of course, some members of the Slovenian national wine team, which is the best in Europe and will host the championship in Slovenia next year, with <strong>Danilo Steyer<\/strong> at the helm. The selectors are Mitja Kristan\u010di\u010d, a local player who coached his home club for several seasons, and <strong>Adrian Fegic<\/strong>, a footballer who scored two goals for Real Rijeka more than 30 years ago.<br \/>\nOf course, the heroes of One Noble Story were not without their heroes: the innkeeper <strong>Marko (Franko Koro\u0161ec)<\/strong> and the taxi driver <strong>Ibro (Ranko Babi\u0107)<\/strong> were the centre of attention among young and old alike. Interestingly, on the way to Gori\u0161ka Brda Ranko had technical problems with his vehicle and was &#8220;rescued&#8221; and brought to Vipol\u017ee in time by Pater Bogdan Knavs. Marko and Ibro were also challenged to a bowling match (bowling is the first sport of \u0160torija) with the first and still the only mayor of Brda, <strong>France Mu\u017ei\u010d<\/strong>, and the director of the Brda Institute for Tourism, Culture, Youth and Sport, <strong>Tina Novak Samec.<\/strong> At the end, the hosts were smiling a lot more, but they had already announced a rematch with a strengthened team led by Bert from \u0160torija.<\/p>\n<p><u>The main heroine of the event was certainly the most successful Slovenian roller skater and ambassador of the Sparrow of Hope Foundation, <strong>Lucija Mlinari\u010d.<\/strong> She is battling a serious illness again, but she spread incredible determination and positive energy and will among the participants.<\/u><\/p>\n<p><strong>At<\/strong> the end of the event in Villa Vipol\u017ee, three pupils from the Dobrovo Primary School sang: <strong>Tina Drnov\u0161\u010dek<\/strong> \/Who Still Believes\/ and sisters <strong>Tinkara and Neja Prin\u010di\u010d<\/strong> \/Zalina&#8217;s Song\/ . The organisers and the Sparrow of Hope Foundation thanked the participants with written awards and some British delicacies.<\/p>\n<div>As the fundraising campaign for this event is not yet over, the Vrab\u010dek upanja Foundation will announce the final amount later. All the funds raised will go to the <strong>Department for Disabled Youth and Rehabilitation in Stara Gora and to a family in need in Gori\u0161ka Brda.<\/strong><\/div>\n<\/div><\/div><\/div><div class=\"fusion-layout-column fusion_builder_column fusion-builder-column-2 fusion_builder_column_1_1 1_1 fusion-flex-column\" style=\"--awb-bg-size:cover;--awb-width-large:100%;--awb-margin-top-large:100px;--awb-spacing-right-large:1.92%;--awb-margin-bottom-large:0px;--awb-spacing-left-large:1.92%;--awb-width-medium:100%;--awb-order-medium:0;--awb-spacing-right-medium:1.92%;--awb-spacing-left-medium:1.92%;--awb-width-small:100%;--awb-order-small:0;--awb-spacing-right-small:1.92%;--awb-spacing-left-small:1.92%;\"><div class=\"fusion-column-wrapper fusion-column-has-shadow fusion-flex-justify-content-flex-start fusion-content-layout-column\"><div class=\"fusion-image-element \" style=\"text-align:center;--awb-max-width:40%;--awb-caption-title-font-family:var(--h2_typography-font-family);--awb-caption-title-font-weight:var(--h2_typography-font-weight);--awb-caption-title-font-style:var(--h2_typography-font-style);--awb-caption-title-size:var(--h2_typography-font-size);--awb-caption-title-transform:var(--h2_typography-text-transform);--awb-caption-title-line-height:var(--h2_typography-line-height);--awb-caption-title-letter-spacing:var(--h2_typography-letter-spacing);\"><span class=\" fusion-imageframe imageframe-none imageframe-2 hover-type-none\"><img decoding=\"async\" width=\"5203\" height=\"1672\" title=\"vrabcki-se-druzijo\" src=\"https:\/\/www.vrabcekupanja.si\/wp-content\/uploads\/2023\/02\/vrabcki-se-druzijo-1.png\" alt class=\"img-responsive wp-image-1117\" srcset=\"https:\/\/www.vrabcekupanja.si\/wp-content\/uploads\/2023\/02\/vrabcki-se-druzijo-1-200x64.png 200w, https:\/\/www.vrabcekupanja.si\/wp-content\/uploads\/2023\/02\/vrabcki-se-druzijo-1-400x129.png 400w, https:\/\/www.vrabcekupanja.si\/wp-content\/uploads\/2023\/02\/vrabcki-se-druzijo-1-600x193.png 600w, https:\/\/www.vrabcekupanja.si\/wp-content\/uploads\/2023\/02\/vrabcki-se-druzijo-1-800x257.png 800w, https:\/\/www.vrabcekupanja.si\/wp-content\/uploads\/2023\/02\/vrabcki-se-druzijo-1-1200x386.png 1200w, https:\/\/www.vrabcekupanja.si\/wp-content\/uploads\/2023\/02\/vrabcki-se-druzijo-1.png 5203w\" sizes=\"(max-width: 640px) 100vw, 1200px\" \/><\/span><\/div><\/div><\/div><\/div><\/div>\n","protected":false},"excerpt":{"rendered":"","protected":false},"author":1,"featured_media":0,"parent":1392,"menu_order":0,"comment_status":"closed","ping_status":"closed","template":"100-width.php","meta":{"footnotes":""},"_links":{"self":[{"href":"https:\/\/www.vrabcekupanja.si\/en\/wp-json\/wp\/v2\/pages\/1513"}],"collection":[{"href":"https:\/\/www.vrabcekupanja.si\/en\/wp-json\/wp\/v2\/pages"}],"about":[{"href":"https:\/\/www.vrabcekupanja.si\/en\/wp-json\/wp\/v2\/types\/page"}],"author":[{"embeddable":true,"href":"https:\/\/www.vrabcekupanja.si\/en\/wp-json\/wp\/v2\/users\/1"}],"replies":[{"embeddable":true,"href":"https:\/\/www.vrabcekupanja.si\/en\/wp-json\/wp\/v2\/comments?post=1513"}],"version-history":[{"count":5,"href":"https:\/\/www.vrabcekupanja.si\/en\/wp-json\/wp\/v2\/pages\/1513\/revisions"}],"predecessor-version":[{"id":1520,"href":"https:\/\/www.vrabcekupanja.si\/en\/wp-json\/wp\/v2\/pages\/1513\/revisions\/1520"}],"up":[{"embeddable":true,"href":"https:\/\/www.vrabcekupanja.si\/en\/wp-json\/wp\/v2\/pages\/1392"}],"wp:attachment":[{"href":"https:\/\/www.vrabcekupanja.si\/en\/wp-json\/wp\/v2\/media?parent=1513"}],"curies":[{"name":"wp","href":"https:\/\/api.w.org\/{rel}","templated":true}]}}