{"id":1645,"date":"2023-02-10T11:37:00","date_gmt":"2023-02-10T10:37:00","guid":{"rendered":"https:\/\/www.vrabcekupanja.si\/completed-projects\/on-sunday-alone-we-raised-752-e\/"},"modified":"2023-03-15T08:35:32","modified_gmt":"2023-03-15T07:35:32","slug":"on-sunday-alone-we-raised-752-e","status":"publish","type":"page","link":"https:\/\/www.vrabcekupanja.si\/en\/completed-projects\/on-sunday-alone-we-raised-752-e\/","title":{"rendered":"On Sunday alone, we raised 752 \u20ac"},"content":{"rendered":"<div class=\"fusion-fullwidth fullwidth-box fusion-builder-row-1 fusion-flex-container has-pattern-background has-mask-background nonhundred-percent-fullwidth non-hundred-percent-height-scrolling\" style=\"--awb-border-radius-top-left:0px;--awb-border-radius-top-right:0px;--awb-border-radius-bottom-right:0px;--awb-border-radius-bottom-left:0px;--awb-margin-top:60px;--awb-flex-wrap:wrap;\" ><div class=\"fusion-builder-row fusion-row fusion-flex-align-items-stretch fusion-flex-content-wrap\" style=\"max-width:1248px;margin-left: calc(-4% \/ 2 );margin-right: calc(-4% \/ 2 );\"><div class=\"fusion-layout-column fusion_builder_column fusion-builder-column-0 fusion_builder_column_1_2 1_2 fusion-flex-column\" style=\"--awb-bg-size:cover;--awb-width-large:50%;--awb-margin-top-large:0px;--awb-spacing-right-large:0%;--awb-margin-bottom-large:0px;--awb-spacing-left-large:0%;--awb-width-medium:50%;--awb-order-medium:0;--awb-spacing-right-medium:0%;--awb-spacing-left-medium:0%;--awb-width-small:100%;--awb-order-small:0;--awb-spacing-right-small:1.92%;--awb-spacing-left-small:1.92%;\"><div class=\"fusion-column-wrapper fusion-column-has-shadow fusion-flex-justify-content-flex-start fusion-content-layout-column\"><div class=\"fusion-image-element \" style=\"--awb-caption-title-font-family:var(--h2_typography-font-family);--awb-caption-title-font-weight:var(--h2_typography-font-weight);--awb-caption-title-font-style:var(--h2_typography-font-style);--awb-caption-title-size:var(--h2_typography-font-size);--awb-caption-title-transform:var(--h2_typography-text-transform);--awb-caption-title-line-height:var(--h2_typography-line-height);--awb-caption-title-letter-spacing:var(--h2_typography-letter-spacing);\"><span class=\" fusion-imageframe imageframe-none imageframe-1 hover-type-none\"><img decoding=\"async\" width=\"360\" height=\"480\" title=\"zbiranje-denarja\" src=\"https:\/\/www.vrabcekupanja.si\/wp-content\/uploads\/2023\/02\/zbiranje-denarja-tina-maze.jpg\" alt class=\"img-responsive wp-image-1275\" srcset=\"https:\/\/www.vrabcekupanja.si\/wp-content\/uploads\/2023\/02\/zbiranje-denarja-tina-maze-200x267.jpg 200w, https:\/\/www.vrabcekupanja.si\/wp-content\/uploads\/2023\/02\/zbiranje-denarja-tina-maze.jpg 360w\" sizes=\"(max-width: 640px) 100vw, 360px\" \/><\/span><\/div><\/div><\/div><div class=\"fusion-layout-column fusion_builder_column fusion-builder-column-1 fusion_builder_column_1_2 1_2 fusion-flex-column\" style=\"--awb-padding-left:25px;--awb-bg-size:cover;--awb-width-large:50%;--awb-margin-top-large:0px;--awb-spacing-right-large:3.84%;--awb-margin-bottom-large:0px;--awb-spacing-left-large:3.84%;--awb-width-medium:50%;--awb-order-medium:0;--awb-spacing-right-medium:3.84%;--awb-spacing-left-medium:3.84%;--awb-width-small:100%;--awb-order-small:0;--awb-spacing-right-small:1.92%;--awb-spacing-left-small:1.92%;\"><div class=\"fusion-column-wrapper fusion-column-has-shadow fusion-flex-justify-content-flex-start fusion-content-layout-column\"><div class=\"fusion-text fusion-text-1\"><h2>On Sunday alone, we raised 752 \u20ac<\/h2>\n<p>Sunday, 3. of June, clouds hung over Gori\u0161ka Brda all day long, but the organisers, led by journalist, initiator and head of the campaign Ervin \u010curli\u010d, did not give up. They rushed to prepare and organise the charity event.<\/p>\n<p>The rain stayed in the sky, but on the football field in the village of Vipol\u017ee in the middle of Gori\u0161ka Brda, world-famous sports giants shook hands, gathered to socialise and, above all, to contribute to raising funds for the Vrab\u010dek upanja Foundation. All those who want to help and participate in the charity campaign were invited.<br \/>Many people responded and the charity donation box was filled to overflowing.<\/p>\n<p><strong>Edy Reja and Slavi\u0161a Stojanovi\u0107<\/strong><br \/>Edy Reja, the renowned and successful (now former) coach of Lazio and Slavi\u0161a Stojanovi\u0107, the current coach of the Slovenian national football team, exchanged some encouraging words under the watchful eye of the journalists present, including Ervin \u010curli\u010d and Miha \u017dibrata.<\/p>\n<p><strong>What was going on?<\/strong><br \/>The gathering took place around a football and started with the opening &#8220;scrum&#8221; by Edy Reja. The younger selections (U-8, U-10) played a match, followed by a press duel between the Primorska journalists and the Stampa Veneto Insieme team. Italian journalists (Stampa Veneto Insieme) are united with a special mission to play right for the causes of charities in Italy, doing their best to help raise funds for the needy.<br \/>The event continued with a women&#8217;s and men&#8217;s magazine race. The women&#8217;s (and later men&#8217;s) team was strengthened by the first Slovenian skier, Tina Maze, who scored goals successfully for both the women&#8217;s and men&#8217;s teams. Those present were almost afraid that she would change sports discipline. The teams consisted of Slovenian journalists with guests.<br \/>Slavi\u0161a Stojanovi\u010d also stood firm for his colours and fought valiantly for the cause of charity. The team also included Adrian Fegic, Lidija Kristan\u010di\u010d, Ana Kobal,..<br \/>All athletes were also addressed by the Mayor of Brda, Mr. Franc Mu\u017ei\u010d, ZTKM\u0160 Brda, provided all the competitors with real Brda cherries.<\/p>\n<p><strong>Contributions from the big ones and charity auction<\/strong><br \/>For the purpose of additional fundraising (all those present, who ran around the playground, also donated money to the Sparrow of Hope Foundation), the Foundation also acquired:<\/p>\n<ul>\n<li>A football and an NK BRDA jersey signed by legendary coach Edy Reja<\/li>\n<li>The original away jersey of the Slovenian national football team, signed by Samir Handanovic and Slavi\u0161a Stojanovic<\/li>\n<li>Two original Tina Maze caps (Team to AMaze)<\/li>\n<\/ul>\n<p>All items will be available for auction!<\/p>\n<p>The event ended at the Dobrovo Castle, where the President of the Board of the Sparrow of Hope Foundation, Mrs. Darja Per\u0161olja, presented all those involved in the project with certificates of recognition and thanks for their participation, and thanked all the actors for their selfless support.<\/p>\n<p>To conclude an enjoyable event, we can say that good will, good hearts and even the rain stayed high in the sky.<br \/>The Sparrow of Hope Foundation would like to thank the following for their cooperation in the preparation of the event:<\/p>\n<ul>\n<li>Municipality of Brda,<\/li>\n<li>ZTKM\u0160 Brda,<\/li>\n<li>NK Brda.<\/li>\n<\/ul>\n<p>In total we raised 752,00 EUR!<br \/>Thank you all!<\/p>\n<p><a href=\"http:\/\/www.venko.si\/\">Trine d.o.o.<\/a> <a href=\"http:\/\/www.pami.si\/\">Pami d.o.o. <\/a><a href=\"http:\/\/www.komunala-ng.si\/\">Komunala Nova Gorica d.d.<\/a><\/p>\n<\/div><\/div><\/div><div class=\"fusion-layout-column fusion_builder_column fusion-builder-column-2 fusion_builder_column_1_1 1_1 fusion-flex-column\" style=\"--awb-bg-size:cover;--awb-width-large:100%;--awb-margin-top-large:100px;--awb-spacing-right-large:1.92%;--awb-margin-bottom-large:0px;--awb-spacing-left-large:1.92%;--awb-width-medium:100%;--awb-order-medium:0;--awb-spacing-right-medium:1.92%;--awb-spacing-left-medium:1.92%;--awb-width-small:100%;--awb-order-small:0;--awb-spacing-right-small:1.92%;--awb-spacing-left-small:1.92%;\"><div class=\"fusion-column-wrapper fusion-column-has-shadow fusion-flex-justify-content-flex-start fusion-content-layout-column\"><div class=\"fusion-image-element \" style=\"text-align:center;--awb-max-width:40%;--awb-caption-title-font-family:var(--h2_typography-font-family);--awb-caption-title-font-weight:var(--h2_typography-font-weight);--awb-caption-title-font-style:var(--h2_typography-font-style);--awb-caption-title-size:var(--h2_typography-font-size);--awb-caption-title-transform:var(--h2_typography-text-transform);--awb-caption-title-line-height:var(--h2_typography-line-height);--awb-caption-title-letter-spacing:var(--h2_typography-letter-spacing);\"><span class=\" fusion-imageframe imageframe-none imageframe-2 hover-type-none\"><img decoding=\"async\" width=\"5203\" height=\"1672\" title=\"vrabcki-se-druzijo\" src=\"https:\/\/www.vrabcekupanja.si\/wp-content\/uploads\/2023\/02\/vrabcki-se-druzijo-1.png\" alt class=\"img-responsive wp-image-1117\" srcset=\"https:\/\/www.vrabcekupanja.si\/wp-content\/uploads\/2023\/02\/vrabcki-se-druzijo-1-200x64.png 200w, https:\/\/www.vrabcekupanja.si\/wp-content\/uploads\/2023\/02\/vrabcki-se-druzijo-1-400x129.png 400w, https:\/\/www.vrabcekupanja.si\/wp-content\/uploads\/2023\/02\/vrabcki-se-druzijo-1-600x193.png 600w, https:\/\/www.vrabcekupanja.si\/wp-content\/uploads\/2023\/02\/vrabcki-se-druzijo-1-800x257.png 800w, https:\/\/www.vrabcekupanja.si\/wp-content\/uploads\/2023\/02\/vrabcki-se-druzijo-1-1200x386.png 1200w, https:\/\/www.vrabcekupanja.si\/wp-content\/uploads\/2023\/02\/vrabcki-se-druzijo-1.png 5203w\" sizes=\"(max-width: 640px) 100vw, 1200px\" \/><\/span><\/div><\/div><\/div><\/div><\/div>\n","protected":false},"excerpt":{"rendered":"","protected":false},"author":1,"featured_media":0,"parent":1392,"menu_order":0,"comment_status":"closed","ping_status":"closed","template":"100-width.php","meta":{"footnotes":""},"_links":{"self":[{"href":"https:\/\/www.vrabcekupanja.si\/en\/wp-json\/wp\/v2\/pages\/1645"}],"collection":[{"href":"https:\/\/www.vrabcekupanja.si\/en\/wp-json\/wp\/v2\/pages"}],"about":[{"href":"https:\/\/www.vrabcekupanja.si\/en\/wp-json\/wp\/v2\/types\/page"}],"author":[{"embeddable":true,"href":"https:\/\/www.vrabcekupanja.si\/en\/wp-json\/wp\/v2\/users\/1"}],"replies":[{"embeddable":true,"href":"https:\/\/www.vrabcekupanja.si\/en\/wp-json\/wp\/v2\/comments?post=1645"}],"version-history":[{"count":3,"href":"https:\/\/www.vrabcekupanja.si\/en\/wp-json\/wp\/v2\/pages\/1645\/revisions"}],"predecessor-version":[{"id":1648,"href":"https:\/\/www.vrabcekupanja.si\/en\/wp-json\/wp\/v2\/pages\/1645\/revisions\/1648"}],"up":[{"embeddable":true,"href":"https:\/\/www.vrabcekupanja.si\/en\/wp-json\/wp\/v2\/pages\/1392"}],"wp:attachment":[{"href":"https:\/\/www.vrabcekupanja.si\/en\/wp-json\/wp\/v2\/media?parent=1645"}],"curies":[{"name":"wp","href":"https:\/\/api.w.org\/{rel}","templated":true}]}}