{"id":1657,"date":"2023-02-09T13:48:52","date_gmt":"2023-02-09T12:48:52","guid":{"rendered":"https:\/\/www.vrabcekupanja.si\/completed-projects\/we-spent-saturday-in-the-company-of-tim-and-valter\/"},"modified":"2023-03-15T08:41:33","modified_gmt":"2023-03-15T07:41:33","slug":"we-spent-saturday-in-the-company-of-tim-and-valter","status":"publish","type":"page","link":"https:\/\/www.vrabcekupanja.si\/en\/completed-projects\/we-spent-saturday-in-the-company-of-tim-and-valter\/","title":{"rendered":"We spent Saturday in the company of Tim and Valter"},"content":{"rendered":"<div class=\"fusion-fullwidth fullwidth-box fusion-builder-row-1 fusion-flex-container has-pattern-background has-mask-background nonhundred-percent-fullwidth non-hundred-percent-height-scrolling\" style=\"--awb-border-radius-top-left:0px;--awb-border-radius-top-right:0px;--awb-border-radius-bottom-right:0px;--awb-border-radius-bottom-left:0px;--awb-margin-top:60px;--awb-flex-wrap:wrap;\" ><div class=\"fusion-builder-row fusion-row fusion-flex-align-items-stretch fusion-flex-content-wrap\" style=\"max-width:1248px;margin-left: calc(-4% \/ 2 );margin-right: calc(-4% \/ 2 );\"><div class=\"fusion-layout-column fusion_builder_column fusion-builder-column-0 fusion_builder_column_1_2 1_2 fusion-flex-column\" style=\"--awb-bg-size:cover;--awb-width-large:50%;--awb-margin-top-large:0px;--awb-spacing-right-large:0%;--awb-margin-bottom-large:0px;--awb-spacing-left-large:0%;--awb-width-medium:50%;--awb-order-medium:0;--awb-spacing-right-medium:0%;--awb-spacing-left-medium:0%;--awb-width-small:100%;--awb-order-small:0;--awb-spacing-right-small:1.92%;--awb-spacing-left-small:1.92%;\"><div class=\"fusion-column-wrapper fusion-column-has-shadow fusion-flex-justify-content-flex-start fusion-content-layout-column\"><div class=\"fusion-image-element \" style=\"--awb-caption-title-font-family:var(--h2_typography-font-family);--awb-caption-title-font-weight:var(--h2_typography-font-weight);--awb-caption-title-font-style:var(--h2_typography-font-style);--awb-caption-title-size:var(--h2_typography-font-size);--awb-caption-title-transform:var(--h2_typography-text-transform);--awb-caption-title-line-height:var(--h2_typography-line-height);--awb-caption-title-letter-spacing:var(--h2_typography-letter-spacing);\"><span class=\" fusion-imageframe imageframe-none imageframe-1 hover-type-none\"><img decoding=\"async\" width=\"640\" height=\"427\" title=\"nogomet\" src=\"https:\/\/www.vrabcekupanja.si\/wp-content\/uploads\/2023\/02\/nogomet.jpg\" alt class=\"img-responsive wp-image-1261\" srcset=\"https:\/\/www.vrabcekupanja.si\/wp-content\/uploads\/2023\/02\/nogomet-200x133.jpg 200w, https:\/\/www.vrabcekupanja.si\/wp-content\/uploads\/2023\/02\/nogomet-400x267.jpg 400w, https:\/\/www.vrabcekupanja.si\/wp-content\/uploads\/2023\/02\/nogomet-600x400.jpg 600w, https:\/\/www.vrabcekupanja.si\/wp-content\/uploads\/2023\/02\/nogomet.jpg 640w\" sizes=\"(max-width: 640px) 100vw, 640px\" \/><\/span><\/div><\/div><\/div><div class=\"fusion-layout-column fusion_builder_column fusion-builder-column-1 fusion_builder_column_1_2 1_2 fusion-flex-column\" style=\"--awb-padding-left:25px;--awb-bg-size:cover;--awb-width-large:50%;--awb-margin-top-large:0px;--awb-spacing-right-large:3.84%;--awb-margin-bottom-large:0px;--awb-spacing-left-large:3.84%;--awb-width-medium:50%;--awb-order-medium:0;--awb-spacing-right-medium:3.84%;--awb-spacing-left-medium:3.84%;--awb-width-small:100%;--awb-order-small:0;--awb-spacing-right-small:1.92%;--awb-spacing-left-small:1.92%;\"><div class=\"fusion-column-wrapper fusion-column-has-shadow fusion-flex-justify-content-flex-start fusion-content-layout-column\"><div class=\"fusion-text fusion-text-1\"><h2>We spent Saturday in the company of Tim and Valter<\/h2>\n<p>On Saturday, 22.6.2013, the 4th edition of the event took place on a very successful and sunny day. Charity football spectacle under the honorary patronage of the President of the Republic of Slovenia, Mr. Borut Pahor.<\/p>\n<p>The charity event was attended by an estimated 1 200 people, and many celebrities, including President Borut Pahor, who defended his team&#8217;s goal, played on the football pitch in the teams of Valter Birsa and Tim Matav\u017e.To greet everyone present, a Pipistrel aircraft flew over the playground with Mr. Ivo Boscarol.<br \/>Before the start of the competition, we had the opportunity to listen to the national anthem, sung by Alja Kru\u0161i\u010d as her first performance after winning Slovenia&#8217;s Got Talent 2013.<br \/>The football players and the excellent commentary of the moderators Ervin \u010curli\u010d and Miha Brajnik ensured a varied and active action on the pitch.<br \/>The event was also enlivened by majorettes from the Brda Majorette and Twirling Group and the acrobatic group Dunking Devils.<br \/>For their help in the organisation of the event and for making it so successful and resounding, the Vrab\u010dek upanja Foundation would like to thank the following with the sculpture of the sparrow: the Bilje Football Association, Radio 1, Mayor Zatko-Martin Maru\u0161i\u010d, the Municipality of Miren-Kostanjevica, President Borut Pahor and Father Bogdan Knavs. We would also like to personally thank Radio Robin, Mayor Milan Turk and the municipality of \u0160empeter-Vrtojba, Mayor Franco Mu\u017ei\u010d and the municipality of Brda, who unfortunately were unable to attend the event. Special thanks also go to Matja\u017e Nemec and to EP d.o.o., the organiser of this year&#8217;s Eurobasket 2013.<br \/>The entertainment and good mood was followed by performances by stand-up comedian Denis Avdi\u010d and Ranko Babi\u010d, and good music by the band The users.<\/p>\n<p>Thanks to everyone who participated or helped in one way or another, as we raised almost 2.000 \u20ac from voluntary contributions that day alone.<\/p>\n<p>The &#8220;send SMS&#8221; campaign is still running, so we would be delighted to hear from anyone who sends an SMS with the keyword &#8220;ZAOTREOKE&#8221; to 1919 and contributes 1 \u20ac by 30 June 2013.<\/p>\n<p><strong>Event sponsors:<\/strong><br \/><a href=\"http:\/\/www.vitanest.si\/\">Vitanest d.o.o.<\/a>, Nova Gorica<br \/><a href=\"http:\/\/www.postojnska-jama.eu\/\">Postojnska jama d.d.<\/a>, Postojna<br \/><a href=\"http:\/\/www.4design.si\/\">4 design d.o.o.<\/a>, \u0160empeter pri Gorici<br \/><a href=\"http:\/\/www.intermarketdiamondbusiness.com\/\">I.D.B. &#8211; Posredni\u0161tvo d.o.o.<\/a>, Ljubljana<\/p>\n<p>Niki d.o.o., Ljubljana<br \/>Etnika slog d.o.o., \u010crni\u010de<br \/>Vama trade d.o.o., Nova Gorica<br \/>Digital elektronik d.o.o., Solkan<br \/>Mama, restaurant and wine bar, Aj\u0161evica<br \/>Neplast d.o.o., Miren<\/p>\n<p>Photo: Matja\u017e Pislak<\/p>\n<\/div><\/div><\/div><div class=\"fusion-layout-column fusion_builder_column fusion-builder-column-2 fusion_builder_column_1_1 1_1 fusion-flex-column\" style=\"--awb-bg-size:cover;--awb-width-large:100%;--awb-margin-top-large:100px;--awb-spacing-right-large:1.92%;--awb-margin-bottom-large:0px;--awb-spacing-left-large:1.92%;--awb-width-medium:100%;--awb-order-medium:0;--awb-spacing-right-medium:1.92%;--awb-spacing-left-medium:1.92%;--awb-width-small:100%;--awb-order-small:0;--awb-spacing-right-small:1.92%;--awb-spacing-left-small:1.92%;\"><div class=\"fusion-column-wrapper fusion-column-has-shadow fusion-flex-justify-content-flex-start fusion-content-layout-column\"><div class=\"fusion-image-element \" style=\"text-align:center;--awb-max-width:40%;--awb-caption-title-font-family:var(--h2_typography-font-family);--awb-caption-title-font-weight:var(--h2_typography-font-weight);--awb-caption-title-font-style:var(--h2_typography-font-style);--awb-caption-title-size:var(--h2_typography-font-size);--awb-caption-title-transform:var(--h2_typography-text-transform);--awb-caption-title-line-height:var(--h2_typography-line-height);--awb-caption-title-letter-spacing:var(--h2_typography-letter-spacing);\"><span class=\" fusion-imageframe imageframe-none imageframe-2 hover-type-none\"><img decoding=\"async\" width=\"5203\" height=\"1672\" title=\"vrabcki-se-druzijo\" src=\"https:\/\/www.vrabcekupanja.si\/wp-content\/uploads\/2023\/02\/vrabcki-se-druzijo-1.png\" alt class=\"img-responsive wp-image-1117\" srcset=\"https:\/\/www.vrabcekupanja.si\/wp-content\/uploads\/2023\/02\/vrabcki-se-druzijo-1-200x64.png 200w, https:\/\/www.vrabcekupanja.si\/wp-content\/uploads\/2023\/02\/vrabcki-se-druzijo-1-400x129.png 400w, https:\/\/www.vrabcekupanja.si\/wp-content\/uploads\/2023\/02\/vrabcki-se-druzijo-1-600x193.png 600w, https:\/\/www.vrabcekupanja.si\/wp-content\/uploads\/2023\/02\/vrabcki-se-druzijo-1-800x257.png 800w, https:\/\/www.vrabcekupanja.si\/wp-content\/uploads\/2023\/02\/vrabcki-se-druzijo-1-1200x386.png 1200w, https:\/\/www.vrabcekupanja.si\/wp-content\/uploads\/2023\/02\/vrabcki-se-druzijo-1.png 5203w\" sizes=\"(max-width: 640px) 100vw, 1200px\" \/><\/span><\/div><\/div><\/div><\/div><\/div>\n","protected":false},"excerpt":{"rendered":"","protected":false},"author":1,"featured_media":0,"parent":1392,"menu_order":0,"comment_status":"closed","ping_status":"closed","template":"100-width.php","meta":{"footnotes":""},"_links":{"self":[{"href":"https:\/\/www.vrabcekupanja.si\/en\/wp-json\/wp\/v2\/pages\/1657"}],"collection":[{"href":"https:\/\/www.vrabcekupanja.si\/en\/wp-json\/wp\/v2\/pages"}],"about":[{"href":"https:\/\/www.vrabcekupanja.si\/en\/wp-json\/wp\/v2\/types\/page"}],"author":[{"embeddable":true,"href":"https:\/\/www.vrabcekupanja.si\/en\/wp-json\/wp\/v2\/users\/1"}],"replies":[{"embeddable":true,"href":"https:\/\/www.vrabcekupanja.si\/en\/wp-json\/wp\/v2\/comments?post=1657"}],"version-history":[{"count":3,"href":"https:\/\/www.vrabcekupanja.si\/en\/wp-json\/wp\/v2\/pages\/1657\/revisions"}],"predecessor-version":[{"id":1660,"href":"https:\/\/www.vrabcekupanja.si\/en\/wp-json\/wp\/v2\/pages\/1657\/revisions\/1660"}],"up":[{"embeddable":true,"href":"https:\/\/www.vrabcekupanja.si\/en\/wp-json\/wp\/v2\/pages\/1392"}],"wp:attachment":[{"href":"https:\/\/www.vrabcekupanja.si\/en\/wp-json\/wp\/v2\/media?parent=1657"}],"curies":[{"name":"wp","href":"https:\/\/api.w.org\/{rel}","templated":true}]}}