{"id":1665,"date":"2023-02-10T11:33:20","date_gmt":"2023-02-10T10:33:20","guid":{"rendered":"https:\/\/www.vrabcekupanja.si\/completed-projects\/tim-matavz-and-valter-birsa-again-for-charity\/"},"modified":"2023-03-15T08:53:49","modified_gmt":"2023-03-15T07:53:49","slug":"tim-matavz-and-valter-birsa-again-for-charity","status":"publish","type":"page","link":"https:\/\/www.vrabcekupanja.si\/en\/completed-projects\/tim-matavz-and-valter-birsa-again-for-charity\/","title":{"rendered":"Tim Matav\u017e and Valter Birsa again for charity"},"content":{"rendered":"<div class=\"fusion-fullwidth fullwidth-box fusion-builder-row-1 fusion-flex-container has-pattern-background has-mask-background nonhundred-percent-fullwidth non-hundred-percent-height-scrolling\" style=\"--awb-border-radius-top-left:0px;--awb-border-radius-top-right:0px;--awb-border-radius-bottom-right:0px;--awb-border-radius-bottom-left:0px;--awb-margin-top:60px;--awb-flex-wrap:wrap;\" ><div class=\"fusion-builder-row fusion-row fusion-flex-align-items-stretch fusion-flex-content-wrap\" style=\"max-width:1248px;margin-left: calc(-4% \/ 2 );margin-right: calc(-4% \/ 2 );\"><div class=\"fusion-layout-column fusion_builder_column fusion-builder-column-0 fusion_builder_column_1_2 1_2 fusion-flex-column\" style=\"--awb-bg-size:cover;--awb-width-large:50%;--awb-margin-top-large:0px;--awb-spacing-right-large:0%;--awb-margin-bottom-large:0px;--awb-spacing-left-large:0%;--awb-width-medium:50%;--awb-order-medium:0;--awb-spacing-right-medium:0%;--awb-spacing-left-medium:0%;--awb-width-small:100%;--awb-order-small:0;--awb-spacing-right-small:1.92%;--awb-spacing-left-small:1.92%;\"><div class=\"fusion-column-wrapper fusion-column-has-shadow fusion-flex-justify-content-flex-start fusion-content-layout-column\"><div class=\"fusion-image-element \" style=\"--awb-caption-title-font-family:var(--h2_typography-font-family);--awb-caption-title-font-weight:var(--h2_typography-font-weight);--awb-caption-title-font-style:var(--h2_typography-font-style);--awb-caption-title-size:var(--h2_typography-font-size);--awb-caption-title-transform:var(--h2_typography-text-transform);--awb-caption-title-line-height:var(--h2_typography-line-height);--awb-caption-title-letter-spacing:var(--h2_typography-letter-spacing);\"><span class=\" fusion-imageframe imageframe-none imageframe-1 hover-type-none\"><img decoding=\"async\" width=\"636\" height=\"424\" title=\"dobrodelni-nogomet\" src=\"https:\/\/www.vrabcekupanja.si\/wp-content\/uploads\/2023\/02\/dobrodelni-nogomet-1.jpg\" alt class=\"img-responsive wp-image-1273\" srcset=\"https:\/\/www.vrabcekupanja.si\/wp-content\/uploads\/2023\/02\/dobrodelni-nogomet-1-200x133.jpg 200w, https:\/\/www.vrabcekupanja.si\/wp-content\/uploads\/2023\/02\/dobrodelni-nogomet-1-400x267.jpg 400w, https:\/\/www.vrabcekupanja.si\/wp-content\/uploads\/2023\/02\/dobrodelni-nogomet-1-600x400.jpg 600w, https:\/\/www.vrabcekupanja.si\/wp-content\/uploads\/2023\/02\/dobrodelni-nogomet-1.jpg 636w\" sizes=\"(max-width: 640px) 100vw, 636px\" \/><\/span><\/div><\/div><\/div><div class=\"fusion-layout-column fusion_builder_column fusion-builder-column-1 fusion_builder_column_1_2 1_2 fusion-flex-column\" style=\"--awb-padding-left:25px;--awb-bg-size:cover;--awb-width-large:50%;--awb-margin-top-large:0px;--awb-spacing-right-large:3.84%;--awb-margin-bottom-large:0px;--awb-spacing-left-large:3.84%;--awb-width-medium:50%;--awb-order-medium:0;--awb-spacing-right-medium:3.84%;--awb-spacing-left-medium:3.84%;--awb-width-small:100%;--awb-order-small:0;--awb-spacing-right-small:1.92%;--awb-spacing-left-small:1.92%;\"><div class=\"fusion-column-wrapper fusion-column-has-shadow fusion-flex-justify-content-flex-start fusion-content-layout-column\"><div class=\"fusion-text fusion-text-1\"><h2>Tim Matav\u017e and Valter Birsa again for charity<\/h2>\n<p>On Friday, for the third year in a row, the charity football match in Bilje was a success. Many spectators were able to admire the varied programme that took place on the green. The Prva\u010dke majorettes danced, the Vogrsko Wind Orchestra played, and the beautiful Lipizzaners showed up.<\/p>\n<p>Then the match between the &#8220;whites&#8221; (Vrab\u010dek upanja Foundation), led by Valter Birsa, and the &#8220;blues&#8221; (the LU Institute), led by Tim Matav\u017e, started. Their teams consisted of well-known athletes and entertainers, including:<br \/>\n<strong>Zlatko Dedi\u0107<\/strong>, <strong>Matej Mavri\u010d Ro\u017ei\u010d<\/strong>, <strong>Andrej Komac<\/strong>, Sebastjan Kome<strong>and<\/strong> <strong>Adrijan Fegic<\/strong>, and also a handball player <strong>David \u0160piler<\/strong>, former skiing star <strong>Jure Ko\u0161ir<\/strong>, volleyball player <strong>Davor \u010cebron<\/strong>, <strong>Bojan Joki\u0107<\/strong>, <strong>Miran Burgi\u010d<\/strong>, <strong>Sa\u0161a Rani\u0107<\/strong>, <strong>Miran Srebrni\u010d<\/strong> and <strong>Du\u0161an Kosi\u010d<\/strong>, voleyball player <strong>Mitja Gasparini<\/strong>, skier <strong>Mitja Valen\u010di\u010d<\/strong>, rower <strong>Jani Klemen\u010di\u010d<\/strong>, mayor of Nova Gorica <strong>Matej Ar\u010don<\/strong>, former man-in-waiting <strong>\u010crtomir \u0160pacapan<\/strong>, former minister <strong>Patrick Vla\u010di\u010d<\/strong>, <strong>Denis Avdi\u0107<\/strong> and Vid Vali\u010d, while 74-year-old <strong>Vitko Ur\u0161i\u010d<\/strong> also contributed one goal to the victory.<br \/>\nDuring half-time we could watch the acrobatics of Bora and Asta le viste and their owner and trainer Amadeja.<br \/>\nFortunately for the players, the sunny and hot afternoon was tempered by a fresh breeze, so the game could be played for almost the whole 90 minutes. The spectators had a lot to see, as the net was crashed 15 times (9:6).<br \/>\nAs expected, Denis Avdi\u0107, Vid Vali\u010d and Ranko Babi\u010d provided the laughs.<br \/>\nRepresentatives of the Foundation had the opportunity to chat and meet the well-known Slovenians who have helped to make this race a reality for the third time. We will remember the third match with a Sparrow of Hope Foundation T-shirt, which was kindly signed by many of the players who took part.<\/p>\n<p>Proceeds from the event will be announced shortly, once the tickets sold have been counted and the corporate donations have been added, and will be donated to the Vrab\u010dek upanjae Foundation and the LU Institute.<\/p>\n<p>With the funds raised, we will be able to provide the Stara Gora Department for Disabled Youth with THERASUIT THERAPY EQUIPMENT (spider web), which consists of:<\/p>\n<ul>\n<li>web<\/li>\n<li>ropes<\/li>\n<li>spider<\/li>\n<li>a suit (one suit worth 1,800 \u20ac has already been purchased with funds raised at the Charity Gathering with Cherries and a Soccer Ball&#8221; Gori\u0161ka Brda 2012)<\/li>\n<\/ul>\n<p>In addition, we will provide training for a professional person who will be able to carry out the therapy with the equipment. The training will take place in Poland.<\/p>\n<\/div><\/div><\/div><div class=\"fusion-layout-column fusion_builder_column fusion-builder-column-2 fusion_builder_column_1_1 1_1 fusion-flex-column\" style=\"--awb-bg-size:cover;--awb-width-large:100%;--awb-margin-top-large:100px;--awb-spacing-right-large:1.92%;--awb-margin-bottom-large:0px;--awb-spacing-left-large:1.92%;--awb-width-medium:100%;--awb-order-medium:0;--awb-spacing-right-medium:1.92%;--awb-spacing-left-medium:1.92%;--awb-width-small:100%;--awb-order-small:0;--awb-spacing-right-small:1.92%;--awb-spacing-left-small:1.92%;\"><div class=\"fusion-column-wrapper fusion-column-has-shadow fusion-flex-justify-content-flex-start fusion-content-layout-column\"><div class=\"fusion-image-element \" style=\"text-align:center;--awb-max-width:40%;--awb-caption-title-font-family:var(--h2_typography-font-family);--awb-caption-title-font-weight:var(--h2_typography-font-weight);--awb-caption-title-font-style:var(--h2_typography-font-style);--awb-caption-title-size:var(--h2_typography-font-size);--awb-caption-title-transform:var(--h2_typography-text-transform);--awb-caption-title-line-height:var(--h2_typography-line-height);--awb-caption-title-letter-spacing:var(--h2_typography-letter-spacing);\"><span class=\" fusion-imageframe imageframe-none imageframe-2 hover-type-none\"><img decoding=\"async\" width=\"5203\" height=\"1672\" title=\"vrabcki-se-druzijo\" src=\"https:\/\/www.vrabcekupanja.si\/wp-content\/uploads\/2023\/02\/vrabcki-se-druzijo-1.png\" alt class=\"img-responsive wp-image-1117\" srcset=\"https:\/\/www.vrabcekupanja.si\/wp-content\/uploads\/2023\/02\/vrabcki-se-druzijo-1-200x64.png 200w, https:\/\/www.vrabcekupanja.si\/wp-content\/uploads\/2023\/02\/vrabcki-se-druzijo-1-400x129.png 400w, https:\/\/www.vrabcekupanja.si\/wp-content\/uploads\/2023\/02\/vrabcki-se-druzijo-1-600x193.png 600w, https:\/\/www.vrabcekupanja.si\/wp-content\/uploads\/2023\/02\/vrabcki-se-druzijo-1-800x257.png 800w, https:\/\/www.vrabcekupanja.si\/wp-content\/uploads\/2023\/02\/vrabcki-se-druzijo-1-1200x386.png 1200w, https:\/\/www.vrabcekupanja.si\/wp-content\/uploads\/2023\/02\/vrabcki-se-druzijo-1.png 5203w\" sizes=\"(max-width: 640px) 100vw, 1200px\" \/><\/span><\/div><\/div><\/div><\/div><\/div>\n","protected":false},"excerpt":{"rendered":"","protected":false},"author":1,"featured_media":0,"parent":1392,"menu_order":0,"comment_status":"closed","ping_status":"closed","template":"100-width.php","meta":{"footnotes":""},"_links":{"self":[{"href":"https:\/\/www.vrabcekupanja.si\/en\/wp-json\/wp\/v2\/pages\/1665"}],"collection":[{"href":"https:\/\/www.vrabcekupanja.si\/en\/wp-json\/wp\/v2\/pages"}],"about":[{"href":"https:\/\/www.vrabcekupanja.si\/en\/wp-json\/wp\/v2\/types\/page"}],"author":[{"embeddable":true,"href":"https:\/\/www.vrabcekupanja.si\/en\/wp-json\/wp\/v2\/users\/1"}],"replies":[{"embeddable":true,"href":"https:\/\/www.vrabcekupanja.si\/en\/wp-json\/wp\/v2\/comments?post=1665"}],"version-history":[{"count":3,"href":"https:\/\/www.vrabcekupanja.si\/en\/wp-json\/wp\/v2\/pages\/1665\/revisions"}],"predecessor-version":[{"id":1668,"href":"https:\/\/www.vrabcekupanja.si\/en\/wp-json\/wp\/v2\/pages\/1665\/revisions\/1668"}],"up":[{"embeddable":true,"href":"https:\/\/www.vrabcekupanja.si\/en\/wp-json\/wp\/v2\/pages\/1392"}],"wp:attachment":[{"href":"https:\/\/www.vrabcekupanja.si\/en\/wp-json\/wp\/v2\/media?parent=1665"}],"curies":[{"name":"wp","href":"https:\/\/api.w.org\/{rel}","templated":true}]}}