{"id":1682,"date":"2023-02-10T11:17:02","date_gmt":"2023-02-10T10:17:02","guid":{"rendered":"https:\/\/www.vrabcekupanja.si\/completed-projects\/you-are-invited-to-the-2nd-charity-gathering-with-cherries-and-a-football-goriska-brda-2013\/"},"modified":"2023-03-15T09:01:54","modified_gmt":"2023-03-15T08:01:54","slug":"you-are-invited-to-the-2nd-charity-gathering-with-cherries-and-a-football-goriska-brda-2013","status":"publish","type":"page","link":"https:\/\/www.vrabcekupanja.si\/en\/completed-projects\/you-are-invited-to-the-2nd-charity-gathering-with-cherries-and-a-football-goriska-brda-2013\/","title":{"rendered":"You are invited to the 2nd charity gathering with cherries and a football Gori\u0161ka Brda 2013"},"content":{"rendered":"<div class=\"fusion-fullwidth fullwidth-box fusion-builder-row-1 fusion-flex-container has-pattern-background has-mask-background nonhundred-percent-fullwidth non-hundred-percent-height-scrolling\" style=\"--awb-border-radius-top-left:0px;--awb-border-radius-top-right:0px;--awb-border-radius-bottom-right:0px;--awb-border-radius-bottom-left:0px;--awb-margin-top:60px;--awb-flex-wrap:wrap;\" ><div class=\"fusion-builder-row fusion-row fusion-flex-align-items-stretch fusion-flex-content-wrap\" style=\"max-width:1248px;margin-left: calc(-4% \/ 2 );margin-right: calc(-4% \/ 2 );\"><div class=\"fusion-layout-column fusion_builder_column fusion-builder-column-0 fusion_builder_column_1_2 1_2 fusion-flex-column\" style=\"--awb-bg-size:cover;--awb-width-large:50%;--awb-margin-top-large:0px;--awb-spacing-right-large:0%;--awb-margin-bottom-large:0px;--awb-spacing-left-large:0%;--awb-width-medium:50%;--awb-order-medium:0;--awb-spacing-right-medium:0%;--awb-spacing-left-medium:0%;--awb-width-small:100%;--awb-order-small:0;--awb-spacing-right-small:1.92%;--awb-spacing-left-small:1.92%;\"><div class=\"fusion-column-wrapper fusion-column-has-shadow fusion-flex-justify-content-flex-start fusion-content-layout-column\"><div class=\"fusion-image-element \" style=\"--awb-caption-title-font-family:var(--h2_typography-font-family);--awb-caption-title-font-weight:var(--h2_typography-font-weight);--awb-caption-title-font-style:var(--h2_typography-font-style);--awb-caption-title-size:var(--h2_typography-font-size);--awb-caption-title-transform:var(--h2_typography-text-transform);--awb-caption-title-line-height:var(--h2_typography-line-height);--awb-caption-title-letter-spacing:var(--h2_typography-letter-spacing);\"><span class=\" fusion-imageframe imageframe-none imageframe-1 hover-type-none\"><img decoding=\"async\" width=\"720\" height=\"405\" title=\"2-dobrodelna-nogometna-tekma\" src=\"https:\/\/www.vrabcekupanja.si\/wp-content\/uploads\/2023\/02\/2-dobrodelna-nogometna-tekma.jpg\" alt class=\"img-responsive wp-image-1267\" srcset=\"https:\/\/www.vrabcekupanja.si\/wp-content\/uploads\/2023\/02\/2-dobrodelna-nogometna-tekma-200x113.jpg 200w, https:\/\/www.vrabcekupanja.si\/wp-content\/uploads\/2023\/02\/2-dobrodelna-nogometna-tekma-400x225.jpg 400w, https:\/\/www.vrabcekupanja.si\/wp-content\/uploads\/2023\/02\/2-dobrodelna-nogometna-tekma-600x338.jpg 600w, https:\/\/www.vrabcekupanja.si\/wp-content\/uploads\/2023\/02\/2-dobrodelna-nogometna-tekma.jpg 720w\" sizes=\"(max-width: 640px) 100vw, 720px\" \/><\/span><\/div><\/div><\/div><div class=\"fusion-layout-column fusion_builder_column fusion-builder-column-1 fusion_builder_column_1_2 1_2 fusion-flex-column\" style=\"--awb-padding-left:25px;--awb-bg-size:cover;--awb-width-large:50%;--awb-margin-top-large:0px;--awb-spacing-right-large:3.84%;--awb-margin-bottom-large:0px;--awb-spacing-left-large:3.84%;--awb-width-medium:50%;--awb-order-medium:0;--awb-spacing-right-medium:3.84%;--awb-spacing-left-medium:3.84%;--awb-width-small:100%;--awb-order-small:0;--awb-spacing-right-small:1.92%;--awb-spacing-left-small:1.92%;\"><div class=\"fusion-column-wrapper fusion-column-has-shadow fusion-flex-justify-content-flex-start fusion-content-layout-column\"><div class=\"fusion-text fusion-text-1\"><h2>You are invited to the 2nd charity gathering with cherries and a football Gori\u0161ka Brda 2013<\/h2>\n<p>Saturday 1st of June, we invite you to Gori\u0161ka Brda, more specifically to the football field in Vipol\u017ee, where we will have fun with good company, cherries and playing football.<\/p>\n<p>This year, as part of the Cherry Festival, there will also be a charity event, as journalists from the Veneto &#8220;Stampa Veneta Insieme&#8221; have accepted the invitation so that they can take part in a &#8220;journalist duel&#8221;. They will play against journalists from the Littoral region.<\/p>\n<p>We have arranged for some interesting guests to join us again this year to try their hand at football and 11-metre dribbling. With us will be Peter Prevc, Jaka Hvala, Danilo Pudgar, Danilo Serga\u0161 (111 times blood donor), Pater Bogdan Knavs (Sveta Gora), Miran Burgi\u010d, Lidija Kristan\u010di\u010d (Benedeti\u010d) and other Brije athletes, journalists, Brije winemakers, doctors and nurses from Stara Gora Hospital.. and many more..<\/p>\n<p>Our Sparrow of course hopes and wishes that, like last year, ski queen Tina Maze and her Team to aMaze team leader Andrea Massi will join us at the event&#8230;.A year ago we all had a really good time together and then Tina had her best season ever &#8230;. the recipe for a great Olympic season is known &#8230;.<\/p>\n<p>Tentative programme of this year&#8217;s event:<br \/>14:30 our youngest footbal payers \/ U-8 tournament \/<br \/>17:00 Press (football) match &#8211; Stampa Veneta Insieme: Primorska<br \/>18:00 short ceremony with an address by the Mayor of Brda and presentation of the Vrab\u010dek upanja Foundation<br \/>18:15 fixtures &#8211; guests<br \/>19:15 &#8211; 11 m shooting: guests, donors, organisers,&#8230;<\/p>\n<p>Photo: Robert Pav\u0161i\u010d<\/p>\n<\/div><\/div><\/div><div class=\"fusion-layout-column fusion_builder_column fusion-builder-column-2 fusion_builder_column_1_1 1_1 fusion-flex-column\" style=\"--awb-bg-size:cover;--awb-width-large:100%;--awb-margin-top-large:100px;--awb-spacing-right-large:1.92%;--awb-margin-bottom-large:0px;--awb-spacing-left-large:1.92%;--awb-width-medium:100%;--awb-order-medium:0;--awb-spacing-right-medium:1.92%;--awb-spacing-left-medium:1.92%;--awb-width-small:100%;--awb-order-small:0;--awb-spacing-right-small:1.92%;--awb-spacing-left-small:1.92%;\"><div class=\"fusion-column-wrapper fusion-column-has-shadow fusion-flex-justify-content-flex-start fusion-content-layout-column\"><div class=\"fusion-image-element \" style=\"text-align:center;--awb-max-width:40%;--awb-caption-title-font-family:var(--h2_typography-font-family);--awb-caption-title-font-weight:var(--h2_typography-font-weight);--awb-caption-title-font-style:var(--h2_typography-font-style);--awb-caption-title-size:var(--h2_typography-font-size);--awb-caption-title-transform:var(--h2_typography-text-transform);--awb-caption-title-line-height:var(--h2_typography-line-height);--awb-caption-title-letter-spacing:var(--h2_typography-letter-spacing);\"><span class=\" fusion-imageframe imageframe-none imageframe-2 hover-type-none\"><img decoding=\"async\" width=\"5203\" height=\"1672\" title=\"vrabcki-se-druzijo\" src=\"https:\/\/www.vrabcekupanja.si\/wp-content\/uploads\/2023\/02\/vrabcki-se-druzijo-1.png\" alt class=\"img-responsive wp-image-1117\" srcset=\"https:\/\/www.vrabcekupanja.si\/wp-content\/uploads\/2023\/02\/vrabcki-se-druzijo-1-200x64.png 200w, https:\/\/www.vrabcekupanja.si\/wp-content\/uploads\/2023\/02\/vrabcki-se-druzijo-1-400x129.png 400w, https:\/\/www.vrabcekupanja.si\/wp-content\/uploads\/2023\/02\/vrabcki-se-druzijo-1-600x193.png 600w, https:\/\/www.vrabcekupanja.si\/wp-content\/uploads\/2023\/02\/vrabcki-se-druzijo-1-800x257.png 800w, https:\/\/www.vrabcekupanja.si\/wp-content\/uploads\/2023\/02\/vrabcki-se-druzijo-1-1200x386.png 1200w, https:\/\/www.vrabcekupanja.si\/wp-content\/uploads\/2023\/02\/vrabcki-se-druzijo-1.png 5203w\" sizes=\"(max-width: 640px) 100vw, 1200px\" \/><\/span><\/div><\/div><\/div><\/div><\/div>\n","protected":false},"excerpt":{"rendered":"","protected":false},"author":1,"featured_media":0,"parent":1392,"menu_order":0,"comment_status":"closed","ping_status":"closed","template":"100-width.php","meta":{"footnotes":""},"_links":{"self":[{"href":"https:\/\/www.vrabcekupanja.si\/en\/wp-json\/wp\/v2\/pages\/1682"}],"collection":[{"href":"https:\/\/www.vrabcekupanja.si\/en\/wp-json\/wp\/v2\/pages"}],"about":[{"href":"https:\/\/www.vrabcekupanja.si\/en\/wp-json\/wp\/v2\/types\/page"}],"author":[{"embeddable":true,"href":"https:\/\/www.vrabcekupanja.si\/en\/wp-json\/wp\/v2\/users\/1"}],"replies":[{"embeddable":true,"href":"https:\/\/www.vrabcekupanja.si\/en\/wp-json\/wp\/v2\/comments?post=1682"}],"version-history":[{"count":3,"href":"https:\/\/www.vrabcekupanja.si\/en\/wp-json\/wp\/v2\/pages\/1682\/revisions"}],"predecessor-version":[{"id":1685,"href":"https:\/\/www.vrabcekupanja.si\/en\/wp-json\/wp\/v2\/pages\/1682\/revisions\/1685"}],"up":[{"embeddable":true,"href":"https:\/\/www.vrabcekupanja.si\/en\/wp-json\/wp\/v2\/pages\/1392"}],"wp:attachment":[{"href":"https:\/\/www.vrabcekupanja.si\/en\/wp-json\/wp\/v2\/media?parent=1682"}],"curies":[{"name":"wp","href":"https:\/\/api.w.org\/{rel}","templated":true}]}}